{"id":231,"date":"2012-11-14T09:39:58","date_gmt":"2012-11-14T07:39:58","guid":{"rendered":"https:\/\/2012.bologna.wordcamp.org\/?page_id=231"},"modified":"2012-11-24T01:44:32","modified_gmt":"2012-11-23T23:44:32","slug":"speaker","status":"publish","type":"page","link":"https:\/\/bologna.wordcamp.org\/2012\/speaker\/","title":{"rendered":"Speaker"},"content":{"rendered":"<p>&nbsp;<\/p>\n<p><a href=\"https:\/\/2012.bologna.wordcamp.org\/files\/2012\/11\/matteo_lepore.jpg\"><img loading=\"lazy\" decoding=\"async\" class=\"alignleft size-thumbnail wp-image-296\" src=\"https:\/\/2012.bologna.wordcamp.org\/files\/2012\/11\/matteo_lepore-150x150.jpg\" alt=\"\" width=\"150\" height=\"150\" srcset=\"https:\/\/bologna.wordcamp.org\/2012\/files\/2012\/11\/matteo_lepore-150x150.jpg 150w, https:\/\/bologna.wordcamp.org\/2012\/files\/2012\/11\/matteo_lepore.jpg 260w\" sizes=\"auto, (max-width: 150px) 100vw, 150px\" \/><\/a><\/p>\n<p><strong>Matteo Lepore<\/strong><br \/>\nNell\u2019ottobre 2010 ho ideato e organizzato gli \u201cStati generali sulla cultura a Bologna\u201d promossi dal Partito Democratico, tre giorni partecipati da tutto il mondo culturale cittadino.<br \/>\nNel giugno 2011, \u00e8 stato nominato Assessore al Comune di Bologna, coordinatore di Giunta con deleghe a Relazioni Internazionali della Citt\u00e0, Marketing Urbano, Relazioni Sindacali Esterne all\u2019Ente, Innovazione e Semplificazione Amministrativa, Progetto Smart City e Agenda Digitale. Segue, inoltre, i programmi d\u2019intervento Agenda Digitale (open-government, Iperbole2020, infrastrutture e reti di comunicazione), Coordinamento piattaforma \u201cBologna Smart City\u201d, Progetto Incredibol! Per l\u2019innovazione e l\u2019economia creativa, Progetto Tecnopolo e tema I.C.T.<br \/>\nProfilo Twitter: <a href=\"https:\/\/twitter.com\/matteolepore\" target=\"_blank\">@matteolepore\u00a0<\/a><\/p>\n<p><a href=\"https:\/\/2012.bologna.wordcamp.org\/files\/2012\/11\/wolly.jpg\"><img loading=\"lazy\" decoding=\"async\" class=\"alignleft size-thumbnail wp-image-245\" src=\"https:\/\/2012.bologna.wordcamp.org\/files\/2012\/11\/wolly-150x150.jpg\" alt=\"\" width=\"150\" height=\"150\" \/><\/a><\/p>\n<p><strong>Paolo Valenti <\/strong>aka<strong> Wolly<br \/>\n<\/strong>Paolo ha avuto varie esperienze imprenditoriali ed \u00e8 stato Vice Presidente dei Giovani Imprenditori\u00a0di Confindustria della Lombardia sotto la presidenza di Giuseppe Fontana.\u00a0Nel 2003 ha scoperto un nuovo software open-source &#8211; WordPress &#8211; appena nato e si \u00e8 innamorato di questo tipo di licenza e di questo software in particolare e ha cominciato a tenere il suo <a href=\"http:\/\/paolovalenti.info\">WebLog<\/a>.\u00a0Nel 2005 \u00e8 entrato a far parte del team di WordPress Italy, il team ufficiale italiano che si occupa di localizzare in italiano\u00a0e di offrire assistenza gratuita per questo software.\u00a0Dal 2008 organizza a Milano, nel mese di maggio, il WordCamp, evento gratuito dove si parla di WordPress, comunicazione\u00a0online e open source.\u00a0\u00c8\u00a0uno dei promotori di <a href=\"http:\/\/www.agendadigitale.org\/\">agendadigitale.org.<br \/>\n<\/a>Profilo Twitter: <a href=\"https:\/\/twitter.com\/wolly\" target=\"_blank\">@Wolly<\/a><\/p>\n<p><a href=\"https:\/\/2012.bologna.wordcamp.org\/files\/2012\/11\/francesco-laffi.jpeg\"><img loading=\"lazy\" decoding=\"async\" class=\"alignleft size-thumbnail wp-image-387\" src=\"https:\/\/2012.bologna.wordcamp.org\/files\/2012\/11\/francesco-laffi-150x150.jpeg\" alt=\"\" width=\"150\" height=\"150\" srcset=\"https:\/\/bologna.wordcamp.org\/2012\/files\/2012\/11\/francesco-laffi-150x150.jpeg 150w, https:\/\/bologna.wordcamp.org\/2012\/files\/2012\/11\/francesco-laffi.jpeg 200w\" sizes=\"auto, (max-width: 150px) 100vw, 150px\" \/><\/a><strong>Francesco Laffi<br \/>\n<\/strong>Studente di ingegneria gestionale, web developer per passione. Ha alle spalle infinite righe di codice su WordPress e BuddyPress, programmando soprattutto backend. Entusiasta di motorsport, lavora nel team di Formula Student UniBo Motorsport e ama viaggiare in moto.<br \/>\nProfilo Twitter: <a href=\"https:\/\/twitter.com\/francescolaffi\" target=\"_blank\">@francescolaffi\u00a0<\/a><\/p>\n<p><a href=\"https:\/\/2012.bologna.wordcamp.org\/files\/2012\/11\/800x800.png\"><img loading=\"lazy\" decoding=\"async\" class=\"alignleft size-thumbnail wp-image-342\" src=\"https:\/\/2012.bologna.wordcamp.org\/files\/2012\/11\/800x800-150x150.png\" alt=\"\" width=\"150\" height=\"150\" srcset=\"https:\/\/bologna.wordcamp.org\/2012\/files\/2012\/11\/800x800-150x150.png 150w, https:\/\/bologna.wordcamp.org\/2012\/files\/2012\/11\/800x800-300x300.png 300w, https:\/\/bologna.wordcamp.org\/2012\/files\/2012\/11\/800x800.png 800w\" sizes=\"auto, (max-width: 150px) 100vw, 150px\" \/><\/a><\/p>\n<p><strong>Giovambattista Fazioli<\/strong><br \/>\nGiovambattista Fazioli ha pi\u00f9 di 20 anni di esperienza nello sviluppo software e diverse esperienze imprenditoriali alle spalle; dalla programmazione in Basic e in Assembly del 6502, passando per i processori Motorola 680\u00d70 e 80\u00d786, il C su Unix, Visual Studio, Javascript, PHP, Actionscript e Objective-C, Giovambattista, prima cofondatore di <a href=\"http:\/\/saidmade.com\/\" target=\"_blank\">Saidmade<\/a> e oggi di <a href=\"https:\/\/wpxtre.me\/\" target=\"_blank\">wpXtreme Inc<\/a>, \u00e8 oggi uno degli sviluppatori WordPress pi\u00f9 preparati e con pi\u00f9 esperienza in Italia.<br \/>\nProfilo twitter: <a href=\"https:\/\/twitter.com\/wpxtreme\" target=\"_blank\">@wpxtreme<\/a><\/p>\n<p><strong><a href=\"https:\/\/2012.bologna.wordcamp.org\/files\/2012\/11\/c6f539874bcd98210c786b4314488753.jpeg\"><img loading=\"lazy\" decoding=\"async\" class=\"alignleft size-thumbnail wp-image-236\" src=\"https:\/\/2012.bologna.wordcamp.org\/files\/2012\/11\/c6f539874bcd98210c786b4314488753-150x150.jpeg\" alt=\"\" width=\"150\" height=\"150\" srcset=\"https:\/\/bologna.wordcamp.org\/2012\/files\/2012\/11\/c6f539874bcd98210c786b4314488753-150x150.jpeg 150w, https:\/\/bologna.wordcamp.org\/2012\/files\/2012\/11\/c6f539874bcd98210c786b4314488753-300x300.jpeg 300w, https:\/\/bologna.wordcamp.org\/2012\/files\/2012\/11\/c6f539874bcd98210c786b4314488753.jpeg 420w\" sizes=\"auto, (max-width: 150px) 100vw, 150px\" \/><\/a>Danilo Ercoli<br \/>\n<\/strong>Danilo was born and raised in the beautiful countryside of Ciociaria, central Italy. He was adopted from Bologna and start working as GIS developer when he was very young. He currently lives in Bologna, but travels a lot hoping to find the right place to live. Now he\u2019s joined Automattic Inc (WordPress.com), working on the WordPress mobile apps, WordPress core, and on other open source projects. When not coding Danilo enjoys indie music, soccer and politics. His lucky number is 8, and his favourite quote is from a Keane song: \u201cOh, simple thing, where have you gone?\u201d<br \/>\nProfilo Twitter: <a href=\"https:\/\/twitter.com\/daniloercoli\" target=\"_blank\">@daniloercoli<\/a><\/p>\n<p><a href=\"https:\/\/2012.bologna.wordcamp.org\/files\/2012\/11\/profilo_gianluca.jpg\"><img loading=\"lazy\" decoding=\"async\" class=\"alignleft size-thumbnail wp-image-399\" src=\"https:\/\/2012.bologna.wordcamp.org\/files\/2012\/11\/profilo_gianluca-150x150.jpg\" alt=\"\" width=\"150\" height=\"150\" srcset=\"https:\/\/bologna.wordcamp.org\/2012\/files\/2012\/11\/profilo_gianluca-150x150.jpg 150w, https:\/\/bologna.wordcamp.org\/2012\/files\/2012\/11\/profilo_gianluca-300x300.jpg 300w, https:\/\/bologna.wordcamp.org\/2012\/files\/2012\/11\/profilo_gianluca.jpg 500w\" sizes=\"auto, (max-width: 150px) 100vw, 150px\" \/><\/a><strong>Gianluca Can\u00e8<br \/>\n<\/strong>Laureato classico in letteratura greca, 29 anni, passato alle tecnologie informatiche un po\u2019 per passione e un po\u2019 per necessit\u00e0. Si \u00e8 occupato inizialmente dei problemi di accessibilit\u00e0 dei testi digitali e della loro compatibilit\u00e0 con gli strumenti di supporto per i non vedenti (<em>screen readers<\/em> e barre <em>braille<\/em>). Da cinque anni \u00e8 consulente editoriale e redattore web per la casa editrice <a href=\"http:\/\/online.scuola.zanichelli.it\/\">Zanichelli<\/a>, per la quale gestisce la revisione e la pubblicazione <em>online<\/em> delle risorse didattiche digitali di area umanistica. Dal 2011 \u00e8 <em>webmaster<\/em> di \u00abDiacronie\u00bb (<a href=\"http:\/\/www.diacronie.it\">www.diacronie.it<\/a>), rivista <em>online<\/em> di storia contemporanea.<br \/>\nProfilo Twitter: <a href=\"https:\/\/twitter.com\/25esima_ora\">@25esima_ora<\/a><\/p>\n<p><a href=\"https:\/\/2012.bologna.wordcamp.org\/files\/2012\/11\/Foto-Silvia-Lischetti.jpg\"><img loading=\"lazy\" decoding=\"async\" class=\"alignleft size-full wp-image-401\" src=\"https:\/\/2012.bologna.wordcamp.org\/files\/2012\/11\/Foto-Silvia-Lischetti.jpg\" alt=\"\" width=\"150\" height=\"150\" \/><\/a><\/p>\n<p><strong>Silvia Lischetti<\/strong><br \/>\n31 anni, Web Content Strategist, si occupa di comunicazione online da quasi un decennio.<br \/>\nDopo la laurea in Economia all\u2019Universit\u00e0 Bocconi di Milano e dopo una prima esperienza marketing in RCS, dal 2004 lavora in Telecom Italia nella funzione Corporate Communication. Si occupa del portale di Gruppo <a href=\"http:\/\/www.telecomitalia.com\/\" target=\"_blank\">telecomitalia.com<\/a> e ha seguito numerosi progetti di comunicazione istituzionale online, tra cui navigaresicuri, navigareinsieme e avoicomunicare.<br \/>\nProfilo LinkedIn: <a href=\"http:\/\/www.linkedin.com\/in\/silvialischetti\" target=\"_blank\">http:\/\/www.linkedin.com\/in\/silvialischetti<\/a><br \/>\nProfilo Twitter: <a href=\"https:\/\/twitter.com\/silvialisk\" target=\"_blank\">@silvialisk<\/a><\/p>\n<p><a href=\"https:\/\/2012.bologna.wordcamp.org\/files\/2012\/11\/187415_1361993555_1615087523_n.jpg\"><img loading=\"lazy\" decoding=\"async\" class=\"size-thumbnail wp-image-232 alignleft\" src=\"https:\/\/2012.bologna.wordcamp.org\/files\/2012\/11\/187415_1361993555_1615087523_n-150x150.jpg\" alt=\"\" width=\"150\" height=\"150\" srcset=\"https:\/\/bologna.wordcamp.org\/2012\/files\/2012\/11\/187415_1361993555_1615087523_n-150x150.jpg 150w, https:\/\/bologna.wordcamp.org\/2012\/files\/2012\/11\/187415_1361993555_1615087523_n.jpg 180w\" sizes=\"auto, (max-width: 150px) 100vw, 150px\" \/><\/a><\/p>\n<p><strong>Andrea Verlicchi<br \/>\n<\/strong>Web developer senior con una passione per il front end. Dopo aver girato una decina di web agencies tra Emilia-Romagna e Brasile negli ultimi 14 anni, attualmente lavora come consulente in Yoox group dove sviluppa siti e-commerce per la fashion industry e gestisce un piccolo team di front-end developers. Di tanto in tanto si diletta a fare qualche speech in\/formativo. Il suo blog: <a href=\"http:\/\/www.andreaverlicchi.eu\/\" target=\"_blank\">www.andreaverlicchi.eu<\/a>.<br \/>\nProfilo Twitter: <a href=\"https:\/\/twitter.com\/verlok\" target=\"_blank\">@verlok\u00a0<\/a><\/p>\n<p><a href=\"https:\/\/2012.bologna.wordcamp.org\/files\/2012\/11\/Marco-Martelli-EN.jpg\"><img loading=\"lazy\" decoding=\"async\" class=\"alignleft size-thumbnail wp-image-254\" src=\"https:\/\/2012.bologna.wordcamp.org\/files\/2012\/11\/Marco-Martelli-EN-150x150.jpg\" alt=\"\" width=\"150\" height=\"150\" \/><\/a> <strong>Marco Martelli<\/strong><br \/>\nIngegnere gestionale, 38 anni,\u00a0come consulente mi occupo di analizzare i flussi aziendali, scegliere le tecnologie pi\u00f9 adatte e partecipare attivamente al coordinamento e sviluppo di progetti per il miglioramento dell&#8217;efficienza e l&#8217;integrazione di soluzioni IT.<br \/>\nSupporto inoltre le aziende che intendono implementare un Sistema di certificazione in ambito Qualit\u00e0, Ambiente e Saldatura (ISO 9001, ISO 14001, Emas, ISO 3834)<\/p>\n<p><a href=\"https:\/\/2012.bologna.wordcamp.org\/files\/2012\/11\/io.jpg\"><img loading=\"lazy\" decoding=\"async\" class=\"size-thumbnail wp-image-239 alignleft\" src=\"https:\/\/2012.bologna.wordcamp.org\/files\/2012\/11\/io-150x150.jpg\" alt=\"\" width=\"150\" height=\"150\" \/><\/a><strong>Francesca Sanzo<br \/>\n<\/strong>Francesca si occupa di comunicazione e contenuti per il web e i social media: conosciuta in rete come Panzallaria, collabora con aziende, agenzie e associazioni per le quali cura la comunicazione online e segue profili social e contenuti su blog aziendali e Magazine. Dal 2011 ha messo a frutto la sua esperienza anche come formatrice: si rivolge a professionisti, aziende e genitori con percorsi mirati che fanno parte del progetto Tessere la Rete (<a href=\"http:\/\/www.tesserelarete.it\/\" target=\"_blank\">www.tesserelarete.it<\/a>) di cui fa parte anche l&#8217;iniziativa &#8220;Blogger di classe&#8221; che propone a scuole, associazioni e quartieri per valorizzare la Rete come opportunit\u00e0 per la generazione dei &#8220;nativi digitali&#8221;.<br \/>\nProfilo Twitter: <a href=\"https:\/\/twitter.com\/panzallaria\" target=\"_blank\">@Panzallaria\u00a0<\/a><\/p>\n<p><a href=\"https:\/\/2012.bologna.wordcamp.org\/files\/2012\/11\/maurizio_pelizzone_small.jpg\"><img loading=\"lazy\" decoding=\"async\" class=\"alignleft size-full wp-image-261\" src=\"https:\/\/2012.bologna.wordcamp.org\/files\/2012\/11\/maurizio_pelizzone_small.jpg\" alt=\"\" width=\"150\" height=\"150\" \/><\/a><\/p>\n<p><strong>Maurizio Pelizzone<\/strong><br \/>\nDal 2001 co-titolare di una &#8220;internet company&#8221; che offre servizi,consulenza su tutto il territorio nazionale e che dal 2008 si \u00e8 specializzata nello sviluppo e nella personalizzazione di WordPress.<br \/>\nCurioso della rete e amante nello sperimentare cose nuove. Nel tempo libero socializza con i giochi di strategia da tavolo.<br \/>\nProfilo Twitter: <a href=\"https:\/\/twitter.com\/miziomon\" target=\"_blank\">@miziomon\u00a0<\/a><\/p>\n<p><a href=\"https:\/\/2012.bologna.wordcamp.org\/files\/2012\/11\/lost.jpg\"><img loading=\"lazy\" decoding=\"async\" class=\"alignleft size-full wp-image-299\" src=\"https:\/\/2012.bologna.wordcamp.org\/files\/2012\/11\/lost.jpg\" alt=\"\" width=\"150\" height=\"300\" \/><\/a><\/p>\n<p><strong>Lorenzo Costa<\/strong><br \/>\nSocio fondatore Studio LOST<br \/>\nArt director, responsabile commerciale<br \/>\n<strong>Stefano Castelli<br \/>\n<\/strong>Socio fondatore Studio LOST<br \/>\nResponsabile tecnico progetti, sviluppatore<\/p>\n<p><strong>LOST<br \/>\n<\/strong>Studio LOST nasce nel 2011 e si occupa di comunicazione dentro e fuori dal web. I soci fondatori Lorenzo\u00a0Costa e Stefano Castelli vantano una competenza maturata nel settore da pi\u00f9 di 10 anni e con pi\u00f9 di 200\u00a0progetti all\u2019attivo.<br \/>\nProfilo Twitter: <a href=\"https:\/\/twitter.com\/StudioLOST\" target=\"_blank\">@StudioLOST<\/a><\/p>\n<p><a href=\"https:\/\/2012.bologna.wordcamp.org\/files\/2012\/11\/3873463213_0ccebe6f8f_q.jpg\"><img loading=\"lazy\" decoding=\"async\" class=\"alignleft size-full wp-image-323\" src=\"https:\/\/2012.bologna.wordcamp.org\/files\/2012\/11\/3873463213_0ccebe6f8f_q.jpg\" alt=\"\" width=\"150\" height=\"150\" \/><\/a><strong>Nicola D&#8217;Agostino<br \/>\n<\/strong>Articolista, traduttore, grafico, docente, coordinatore e consulente per editori quali Giunti, Gruppo Sole 24 Ore, Hoepli, Edmaster, Mondadori, Planet De Agostini, Play Media, Sprea. Esperto di fumetto e autore di Storie di Apple. Il suo blog \u00e8\u00a0<a href=\"http:\/\/www.nicoladagostino.net\/\">http:\/\/www.nicoladagostino.net\/<\/a>.<br \/>\nProfilo Twitter: <a href=\"https:\/\/twitter.com\/nezmar\" target=\"_blank\">@nezmar<\/a><\/p>\n<p><a href=\"https:\/\/2012.bologna.wordcamp.org\/files\/2012\/11\/Igor_WP.jpg\"><img loading=\"lazy\" decoding=\"async\" class=\"alignleft size-full wp-image-340\" src=\"https:\/\/2012.bologna.wordcamp.org\/files\/2012\/11\/Igor_WP.jpg\" alt=\"\" width=\"150\" height=\"150\" \/><\/a><strong>Igor Longagnani<br \/>\n<\/strong>Analista per nascita, developer per passione, direttore tecnico di <a href=\"http:\/\/www.mentine.net\/\">Mentine<\/a>. Cresciuto a pane e banche dati, \u00e8 passato dalla computer vision all&#8217;e-commerce, via WordPress. Attento ai molti aspetti della comunicazione digitale e non, tiene allenato il suo spirito libero attraverso le pi\u00f9 disparate letture.<br \/>\nProfilo Twitter: <a href=\"http:\/\/www.twitter.com\/zioigor_\">@ZioIgor_<\/a><\/p>\n<p><a href=\"https:\/\/2012.bologna.wordcamp.org\/files\/2012\/11\/avatar.jpg\"><img loading=\"lazy\" decoding=\"async\" class=\"alignleft size-thumbnail wp-image-346\" src=\"https:\/\/2012.bologna.wordcamp.org\/files\/2012\/11\/avatar-150x150.jpg\" alt=\"\" width=\"150\" height=\"150\" srcset=\"https:\/\/bologna.wordcamp.org\/2012\/files\/2012\/11\/avatar-150x150.jpg 150w, https:\/\/bologna.wordcamp.org\/2012\/files\/2012\/11\/avatar-300x300.jpg 300w, https:\/\/bologna.wordcamp.org\/2012\/files\/2012\/11\/avatar-1024x1024.jpg 1024w, https:\/\/bologna.wordcamp.org\/2012\/files\/2012\/11\/avatar.jpg 1200w\" sizes=\"auto, (max-width: 150px) 100vw, 150px\" \/><\/a><strong>Marco Bassi<\/strong><br \/>\nStudente, sviluppatore web e arbitro di calcio, non necessariamente in quest&#8217;ordine. Laureando in Informatica all&#8217;Univerist\u00e0 Statale di Milano, collabora con Kilowatt per lo sviluppo di soluzioni web basate su WordPress.<br \/>\nNegli anni si \u00e8 specializzato nell&#8217;utilizzo delle tecnologie per piattaforma LAMP, integrandole con JavaScript (framework jQuery).<br \/>\nWebsite: <a href=\"http:\/\/www.marcobassi.com\/\" target=\"_blank\">www.marcobassi.com<\/a><br \/>\nProfilo Twitter: <a href=\"https:\/\/twitter.com\/poltro90\" target=\"_blank\">@poltro90<\/a><\/p>\n<p><a href=\"https:\/\/2012.bologna.wordcamp.org\/files\/2012\/11\/andrea_barghigiani.jpg\"><img loading=\"lazy\" decoding=\"async\" class=\"alignleft size-thumbnail wp-image-437\" src=\"https:\/\/2012.bologna.wordcamp.org\/files\/2012\/11\/andrea_barghigiani-150x150.jpg\" alt=\"\" width=\"150\" height=\"150\" \/><\/a><strong>Andrea Barghigiani<\/strong><br \/>\nHo iniziato a sviluppare con WordPress dal lontano 2005, innamorato di questo CMS, ho iniziato fin da subito a realizzare siti web con questa piattaforma sia per me che per i miei clienti. Nonostante queste esperienze ho iniziato ad avere la passione nel comunicare le potenzialit\u00e0 di WordPress e di insegnare a nuovi sviluppatori come muovere i primi passi con questa piattaforma.\u00a0Dal 2011 ho iniziato a pubblicare corsi e articoli riguardanti WordPress sul mio sito <a href=\"http:\/\/wordpressandmore.info\/\" target=\"_blank\">WordPress AndMore<\/a>, ricco di video e articoli adatti a qualsiasi tipo di sviluppatore. Teniamoci in contatto sul mio profilo Twitter: <a href=\"https:\/\/twitter.com\/Andrea_AndMore\" target=\"_blank\">@Andrea_AndMore<\/a><\/p>\n<p><a href=\"https:\/\/2012.bologna.wordcamp.org\/files\/2012\/11\/alessandro_cavaterra.png\"><img loading=\"lazy\" decoding=\"async\" class=\"alignleft size-thumbnail wp-image-438\" src=\"https:\/\/2012.bologna.wordcamp.org\/files\/2012\/11\/alessandro_cavaterra-150x150.png\" alt=\"\" width=\"150\" height=\"150\" srcset=\"https:\/\/bologna.wordcamp.org\/2012\/files\/2012\/11\/alessandro_cavaterra-150x150.png 150w, https:\/\/bologna.wordcamp.org\/2012\/files\/2012\/11\/alessandro_cavaterra.png 250w\" sizes=\"auto, (max-width: 150px) 100vw, 150px\" \/><\/a><strong>Alessandro Cavaterra<\/strong><br \/>\nDeveloper e designer da oltre 10 anni, da sempre convinto che un workflow di programmazione debba tassativamente passare per una corretta selezione musicale preferibilmente rock progressive e da un briefing col mio gatto. Lancio il mio primo progetto web nel 2001: ar2k, community di musica elettronica che nel 2004 raggiunge i 4 milioni di utenti. Freelance developer da 5 anni, collaboro tra gli altri con Maserati per cui ho sviluppato e mantengo la loro applicazione Touchscreen. Ho iniziato a sviluppare con WordPress nel 2007 ed \u00e8 stato amore a prima vista, nel 2010 lancio Superthem.es, marketplace di temi WordPress completamente WYSIWYG editable. Il nostro obiettivo \u00e8 quello di creare una nuova generazione di temi wordpress completamente customizzabili da interfaccia che diano all&#8217;utente finale la completa possibilit\u00e0 di personalizzazione senza alcuna necessit\u00e0 di scrivere codice.\u00a0Profilo Twitter: <a href=\"https:\/\/twitter.com\/Superthemes\" target=\"_blank\">@Superthemes<\/a><\/p>\n<p><a href=\"https:\/\/2012.bologna.wordcamp.org\/files\/2012\/11\/IMG_0320.jpg\"><img loading=\"lazy\" decoding=\"async\" class=\"alignleft size-thumbnail wp-image-397\" src=\"https:\/\/2012.bologna.wordcamp.org\/files\/2012\/11\/IMG_0320-150x150.jpg\" alt=\"\" width=\"150\" height=\"150\" \/><\/a><\/p>\n<p><strong>Daniele Balboni<br \/>\n<\/strong>Progettazione e sviluppo soluzioni multimediali &#8211; siti e portali &#8211;\u00a0applicazioni web.<\/p>\n","protected":false},"excerpt":{"rendered":"<p>&nbsp; Matteo Lepore Nell\u2019ottobre 2010 ho ideato e organizzato gli \u201cStati generali sulla cultura a Bologna\u201d promossi dal Partito Democratico, tre giorni partecipati da tutto il mondo culturale cittadino. Nel giugno 2011, \u00e8 stato nominato Assessore al Comune di Bologna, &hellip; <a href=\"https:\/\/bologna.wordcamp.org\/2012\/speaker\/\">Continua la lettura <span class=\"screen-reader-text\">Speaker<\/span>  <span class=\"meta-nav\">&rarr;<\/span><\/a><\/p>\n","protected":false},"author":10568889,"featured_media":0,"parent":0,"menu_order":2,"comment_status":"open","ping_status":"closed","template":"","meta":{"jetpack_post_was_ever_published":false,"footnotes":""},"class_list":["post-231","page","type-page","status-publish","hentry"],"jetpack_sharing_enabled":true,"jetpack_shortlink":"https:\/\/wp.me\/P2OVbm-3J","_links":{"self":[{"href":"https:\/\/bologna.wordcamp.org\/2012\/wp-json\/wp\/v2\/pages\/231","targetHints":{"allow":["GET"]}}],"collection":[{"href":"https:\/\/bologna.wordcamp.org\/2012\/wp-json\/wp\/v2\/pages"}],"about":[{"href":"https:\/\/bologna.wordcamp.org\/2012\/wp-json\/wp\/v2\/types\/page"}],"author":[{"embeddable":true,"href":"https:\/\/bologna.wordcamp.org\/2012\/wp-json\/wp\/v2\/users\/10568889"}],"replies":[{"embeddable":true,"href":"https:\/\/bologna.wordcamp.org\/2012\/wp-json\/wp\/v2\/comments?post=231"}],"version-history":[{"count":35,"href":"https:\/\/bologna.wordcamp.org\/2012\/wp-json\/wp\/v2\/pages\/231\/revisions"}],"predecessor-version":[{"id":234,"href":"https:\/\/bologna.wordcamp.org\/2012\/wp-json\/wp\/v2\/pages\/231\/revisions\/234"}],"wp:attachment":[{"href":"https:\/\/bologna.wordcamp.org\/2012\/wp-json\/wp\/v2\/media?parent=231"}],"curies":[{"name":"wp","href":"https:\/\/api.w.org\/{rel}","templated":true}]}}